{"id":193,"date":"2014-09-30T16:24:57","date_gmt":"2014-09-30T14:24:57","guid":{"rendered":"http:\/\/cevi-birr.ch\/cevi-team\/?page_id=193"},"modified":"2026-02-03T10:46:10","modified_gmt":"2026-02-03T10:46:10","slug":"agenda","status":"publish","type":"page","link":"https:\/\/www.jungschi-birr.ch\/index.php\/agenda\/","title":{"rendered":"Kompass"},"content":{"rendered":"<p><img loading=\"lazy\" decoding=\"async\" class=\"size-full wp-image-5014 aligncenter\" src=\"http:\/\/www.jungschi-birr.ch\/wp-content\/uploads\/2022\/05\/12302006-2.jpg\" alt=\"\" width=\"1403\" height=\"595\" srcset=\"https:\/\/www.jungschi-birr.ch\/wp-content\/uploads\/2022\/05\/12302006-2.jpg 1403w, https:\/\/www.jungschi-birr.ch\/wp-content\/uploads\/2022\/05\/12302006-2-300x127.jpg 300w, https:\/\/www.jungschi-birr.ch\/wp-content\/uploads\/2022\/05\/12302006-2-1024x434.jpg 1024w, https:\/\/www.jungschi-birr.ch\/wp-content\/uploads\/2022\/05\/12302006-2-768x326.jpg 768w\" sizes=\"auto, (max-width: 1403px) 100vw, 1403px\" \/><\/p>\n<h2><\/h2>\n<h2 style=\"text-align: center;\"><strong>Unsere n\u00e4chsten Jungschar-Anl\u00e4sse<\/strong><\/h2>\n<p style=\"text-align: center;\">Nehmt ein <strong>Messer zum Schnitzen<\/strong> mit in die Jungschar. Es muss nicht unbedingt gross sein aber scharf.<br \/>\nAusserdem braucht ihr etwas zum <strong>Zvieri<\/strong>, eine <strong>Trinkflasche<\/strong> und <strong>wettergerechte Kleider<\/strong>.<\/p>\n<p style=\"text-align: center;\">Ausserdem machen wir f\u00fcr gew\u00f6hnlich \u00a0Feuer in der Jungschi.<br \/>\nIhr k\u00f6nnt also eine Wurst zum br\u00e4teln mitnehmen.<\/p>\n<p style=\"text-align: center;\"><strong>F\u00fcr gew\u00f6hnlich gilt:<\/strong><br \/>\nStart um <strong>13:30<\/strong> beim Pfrundhaus (Sandgasse 19, Lupfig).<br \/>\nEnde um <strong>17:00<\/strong> am selben Ort.<\/p>\n<h2 style=\"text-align: center;\">Hier die Jungschi-Daten f\u00fcrs 2026:<\/h2>\n<p style=\"text-align: center;\"><a href=\"http:\/\/www.jungschi-birr.ch\/wp-content\/uploads\/2026\/02\/JS-Flyer-2026.pdf\" target=\"_blank\" rel=\"noopener\">&gt; Download Jungschi Programm 2026 &lt;<\/a><\/p>\n<p style=\"text-align: center;\">31. Januar &#8211; Keine Jungschi! \ud83d\ude41<br \/>\n28. Februar &#8211; Jungschi<br \/>\n28. M\u00e4rz &#8211; Jungschi<br \/>\n25. April &#8211; Jungschi<br \/>\n<strong>23.-25. Mai\u00a0<\/strong><b>Pfingstlager 2026<\/b><br \/>\n13. Juni &#8211; Jungschi (statt am 27. wegen Br\u00f6tlif\u00e4scht)<br \/>\n22. August &#8211; PLAUSCHNACHMITTAG<br \/>\n19. September &#8211; Jungschi<br \/>\n24. Oktober &#8211; Jungschi<br \/>\n21. November &#8211; Jungschi<br \/>\n12. Dezember &#8211; Jungschi<\/p>\n<p style=\"text-align: center;\">F\u00fcr Jungschi-Eltern gibt es einen WhatsApp-Broadcast.<br \/>\nDort werden aktuelle News oder auch kurzfristige \u00c4nderungen mitgeteilt.<br \/>\nUm in den Broadcast zu kommen nehmt bitte mit dem Jugendarbeiter und Hauptleiter Touchdown (<em>Roger Attinger<\/em>) Kontakt auf.<\/p>\n<h2><\/h2>\n<h2>Neu in die Jungschi kommen?\u00a0 \u00a0 \u00a0 \u00a0 \u00a0 \u00a0 \u00a0 <img loading=\"lazy\" decoding=\"async\" class=\"alignnone size-full wp-image-4710\" src=\"http:\/\/www.jungschi-birr.ch\/wp-content\/uploads\/2020\/06\/menschen-0004.gif\" alt=\"\" width=\"22\" height=\"22\" \/><\/h2>\n<p>Wir freuen uns immer, wenn ein neues Kind bei uns vorbeischaut!<\/p>\n<p>Das kannst du jederzeit und ohne Voranmeldung. Die wichtigsten Informationen findest du unter &#171;<a title=\"Allgemeine Infos\" href=\"http:\/\/www.jungschi-birr.ch\/index.php\/ueber-uns\/allgemeine-infos\/\">Allgemeine Infos<\/a>&#171;. Wenn du oder deine Eltern trotzdem noch Fragen haben, d\u00fcrft ihr gerne einen der Abteilungsleiter fragen (<a title=\"Kontakt\" href=\"http:\/\/www.jungschi-birr.ch\/index.php\/ueber-uns\/kontakt\/\">Kontakt<\/a>).<\/p>\n","protected":false},"excerpt":{"rendered":"<p>Unsere n\u00e4chsten Jungschar-Anl\u00e4sse Nehmt ein Messer zum Schnitzen mit in die Jungschar. Es muss nicht unbedingt gross sein aber scharf. Ausserdem braucht ihr etwas zum Zvieri, eine Trinkflasche und wettergerechte Kleider. Ausserdem machen wir f\u00fcr gew\u00f6hnlich \u00a0Feuer in der Jungschi. Ihr k\u00f6nnt also eine Wurst zum br\u00e4teln mitnehmen. F\u00fcr gew\u00f6hnlich gilt: Start um 13:30 beim <span class=\"ellipsis\">&hellip;<\/span> <span class=\"more-link-wrap\"><a href=\"https:\/\/www.jungschi-birr.ch\/index.php\/agenda\/\" class=\"more-link\"><span>Read More &rarr;<\/span><\/a><\/span> <span class=\"ellipsis\">&hellip;<\/span> <span class=\"more-link-wrap\"><a href=\"https:\/\/www.jungschi-birr.ch\/index.php\/agenda\/\" class=\"more-link\"><span>Read More &rarr;<\/span><\/a><\/span><\/p>\n","protected":false},"author":1,"featured_media":0,"parent":0,"menu_order":0,"comment_status":"closed","ping_status":"closed","template":"","meta":{"footnotes":""},"class_list":["post-193","page","type-page","status-publish","hentry"],"_links":{"self":[{"href":"https:\/\/www.jungschi-birr.ch\/index.php\/wp-json\/wp\/v2\/pages\/193","targetHints":{"allow":["GET"]}}],"collection":[{"href":"https:\/\/www.jungschi-birr.ch\/index.php\/wp-json\/wp\/v2\/pages"}],"about":[{"href":"https:\/\/www.jungschi-birr.ch\/index.php\/wp-json\/wp\/v2\/types\/page"}],"author":[{"embeddable":true,"href":"https:\/\/www.jungschi-birr.ch\/index.php\/wp-json\/wp\/v2\/users\/1"}],"replies":[{"embeddable":true,"href":"https:\/\/www.jungschi-birr.ch\/index.php\/wp-json\/wp\/v2\/comments?post=193"}],"version-history":[{"count":58,"href":"https:\/\/www.jungschi-birr.ch\/index.php\/wp-json\/wp\/v2\/pages\/193\/revisions"}],"predecessor-version":[{"id":5218,"href":"https:\/\/www.jungschi-birr.ch\/index.php\/wp-json\/wp\/v2\/pages\/193\/revisions\/5218"}],"wp:attachment":[{"href":"https:\/\/www.jungschi-birr.ch\/index.php\/wp-json\/wp\/v2\/media?parent=193"}],"curies":[{"name":"wp","href":"https:\/\/api.w.org\/{rel}","templated":true}]}}